{"id":22,"date":"2019-10-17T17:20:25","date_gmt":"2019-10-17T17:20:25","guid":{"rendered":"https:\/\/daniel-reisinger.at\/?page_id=22"},"modified":"2019-10-18T16:27:36","modified_gmt":"2019-10-18T16:27:36","slug":"beatles-in-mono","status":"publish","type":"page","link":"https:\/\/daniel-reisinger.at\/index.php\/beatles-in-mono\/","title":{"rendered":"Beatles in Mono"},"content":{"rendered":"\n<h2 class=\"wp-block-heading\">Eine ewige Frage: Beatles in Mono oder Stereo h\u00f6ren?<\/h2>\n\n\n\n<blockquote class=\"wp-block-quote is-layout-flow wp-block-quote-is-layout-flow\"><p>Zwischen 1963 und 1968 wurden alle Alben der englischen Popgruppe The Beatles in Mono und Stereo ver\u00f6ffentlicht, wobei jeder Fassung ein eigener Mix zugrunde liegt. Durch diese Vorgehensweise ergeben sich Variationen auf inhaltlich-dramaturgischer, musikalischer, und klanglicher Ebene. Zus\u00e4tzlich sind Unterschiede in den zeitlichen Strukturen feststellbar. Abweichungen in Form von Text, Melodie, rhythmischer Begleitung oder Schnittposition sind eher selten, w\u00e4hrend sich L\u00e4ngen, Pausenarrangements von Alben, Klangfarben sowie Effektwahl und \u2013intensit\u00e4t h\u00e4ufig unterscheiden. Zudem liegen zentrale Variationen bei Ein- und Ausblendungen vor, welche Auswirkungen auf Dauer, Inhalt und Gesamtdramaturgie haben. Es zeichnet sich ab, dass der Einbezug technischer Neuerungen das Ausma\u00df der Variationen intensivierte und sich dadurch neue Arten von Abweichungen ergaben. Laut den Aussagen der unmittelbar Beteiligten lag die Priorit\u00e4t in der Produktion auf den Monofassungen, da deren Absatz wesentlich h\u00f6her war. Zudem befanden sich die Zug\u00e4nge zur Technologie und Klang\u00e4sthetik der Stereofonie im Entwicklungsstadium. Die Erstellung der Stereoabmischungen wurde damals als eine nachtr\u00e4gliche Aufgabe verstanden, welche die Nachfragen einer Randgruppe bediente.<\/p><\/blockquote>\n\n\n\n<hr class=\"wp-block-separator\"\/>\n\n\n\n<h2 class=\"wp-block-heading\">Masterarbeit &#8211; Beatles in Mono oder Stereo?<\/h2>\n\n\n\n<div class=\"wp-block-file\"><a href=\"https:\/\/daniel-reisinger.at\/wp-content\/uploads\/2019\/10\/Reisinger_Daniel_Beatles_Mono_Stereo_Musikwissenschaft_Masterarbeit.pdf\">Wissenschaftliche Abhandlung zu den Unterschieden aller Beatles-Alben die sowohl in Mono als auch in Stereo mit unterschiedlichen Mixen ver\u00f6ffentlicht wurden. Zudem wird versucht Antworten auf die Frage: Welchen Sound wollten The Beatles wirklich?<\/a><a href=\"https:\/\/daniel-reisinger.at\/wp-content\/uploads\/2019\/10\/Reisinger_Daniel_Beatles_Mono_Stereo_Musikwissenschaft_Masterarbeit.pdf\" class=\"wp-block-file__button\" download>Herunterladen<\/a><\/div>\n\n\n\n<hr class=\"wp-block-separator\"\/>\n","protected":false},"excerpt":{"rendered":"<p>Eine ewige Frage: Beatles in Mono oder Stereo h\u00f6ren? Zwischen 1963 und 1968 wurden alle Alben der englischen Popgruppe The Beatles in Mono und Stereo ver\u00f6ffentlicht, wobei jeder Fassung ein eigener Mix zugrunde liegt. Durch diese Vorgehensweise ergeben sich Variationen auf inhaltlich-dramaturgischer, musikalischer, und klanglicher Ebene. Zus\u00e4tzlich sind Unterschiede in den zeitlichen Strukturen feststellbar. Abweichungen in Form von Text, Melodie,<\/p>\n<p><a class=\"more-link\" href=\"https:\/\/daniel-reisinger.at\/index.php\/beatles-in-mono\/\">Weiterlesen<\/a><\/p>\n","protected":false},"author":1,"featured_media":0,"parent":0,"menu_order":0,"comment_status":"closed","ping_status":"closed","template":"","meta":{"footnotes":""},"class_list":["post-22","page","type-page","status-publish","hentry"],"yoast_head":"<!-- This site is optimized with the Yoast SEO plugin v23.6 - https:\/\/yoast.com\/wordpress\/plugins\/seo\/ -->\n<title>Beatles in Mono - Daniel Reisinger<\/title>\n<meta name=\"robots\" content=\"index, follow, max-snippet:-1, max-image-preview:large, max-video-preview:-1\" \/>\n<link rel=\"canonical\" href=\"https:\/\/daniel-reisinger.at\/index.php\/beatles-in-mono\/\" \/>\n<meta property=\"og:locale\" content=\"de_DE\" \/>\n<meta property=\"og:type\" content=\"article\" \/>\n<meta property=\"og:title\" content=\"Beatles in Mono - Daniel Reisinger\" \/>\n<meta property=\"og:description\" content=\"Eine ewige Frage: Beatles in Mono oder Stereo h\u00f6ren? Zwischen 1963 und 1968 wurden alle Alben der englischen Popgruppe The Beatles in Mono und Stereo ver\u00f6ffentlicht, wobei jeder Fassung ein eigener Mix zugrunde liegt. Durch diese Vorgehensweise ergeben sich Variationen auf inhaltlich-dramaturgischer, musikalischer, und klanglicher Ebene. Zus\u00e4tzlich sind Unterschiede in den zeitlichen Strukturen feststellbar. Abweichungen in Form von Text, Melodie,Weiterlesen\" \/>\n<meta property=\"og:url\" content=\"https:\/\/daniel-reisinger.at\/index.php\/beatles-in-mono\/\" \/>\n<meta property=\"og:site_name\" content=\"Daniel Reisinger\" \/>\n<meta property=\"article:modified_time\" content=\"2019-10-18T16:27:36+00:00\" \/>\n<meta name=\"twitter:card\" content=\"summary_large_image\" \/>\n<meta name=\"twitter:label1\" content=\"Gesch\u00e4tzte Lesezeit\" \/>\n\t<meta name=\"twitter:data1\" content=\"1\u00a0Minute\" \/>\n<script type=\"application\/ld+json\" class=\"yoast-schema-graph\">{\"@context\":\"https:\/\/schema.org\",\"@graph\":[{\"@type\":\"WebPage\",\"@id\":\"https:\/\/daniel-reisinger.at\/index.php\/beatles-in-mono\/\",\"url\":\"https:\/\/daniel-reisinger.at\/index.php\/beatles-in-mono\/\",\"name\":\"Beatles in Mono - Daniel Reisinger\",\"isPartOf\":{\"@id\":\"https:\/\/daniel-reisinger.at\/#website\"},\"datePublished\":\"2019-10-17T17:20:25+00:00\",\"dateModified\":\"2019-10-18T16:27:36+00:00\",\"breadcrumb\":{\"@id\":\"https:\/\/daniel-reisinger.at\/index.php\/beatles-in-mono\/#breadcrumb\"},\"inLanguage\":\"de\",\"potentialAction\":[{\"@type\":\"ReadAction\",\"target\":[\"https:\/\/daniel-reisinger.at\/index.php\/beatles-in-mono\/\"]}]},{\"@type\":\"BreadcrumbList\",\"@id\":\"https:\/\/daniel-reisinger.at\/index.php\/beatles-in-mono\/#breadcrumb\",\"itemListElement\":[{\"@type\":\"ListItem\",\"position\":1,\"name\":\"Home\",\"item\":\"https:\/\/daniel-reisinger.at\/\"},{\"@type\":\"ListItem\",\"position\":2,\"name\":\"Beatles in Mono\"}]},{\"@type\":\"WebSite\",\"@id\":\"https:\/\/daniel-reisinger.at\/#website\",\"url\":\"https:\/\/daniel-reisinger.at\/\",\"name\":\"Daniel Reisinger\",\"description\":\"\",\"potentialAction\":[{\"@type\":\"SearchAction\",\"target\":{\"@type\":\"EntryPoint\",\"urlTemplate\":\"https:\/\/daniel-reisinger.at\/?s={search_term_string}\"},\"query-input\":{\"@type\":\"PropertyValueSpecification\",\"valueRequired\":true,\"valueName\":\"search_term_string\"}}],\"inLanguage\":\"de\"}]}<\/script>\n<!-- \/ Yoast SEO plugin. -->","yoast_head_json":{"title":"Beatles in Mono - Daniel Reisinger","robots":{"index":"index","follow":"follow","max-snippet":"max-snippet:-1","max-image-preview":"max-image-preview:large","max-video-preview":"max-video-preview:-1"},"canonical":"https:\/\/daniel-reisinger.at\/index.php\/beatles-in-mono\/","og_locale":"de_DE","og_type":"article","og_title":"Beatles in Mono - Daniel Reisinger","og_description":"Eine ewige Frage: Beatles in Mono oder Stereo h\u00f6ren? Zwischen 1963 und 1968 wurden alle Alben der englischen Popgruppe The Beatles in Mono und Stereo ver\u00f6ffentlicht, wobei jeder Fassung ein eigener Mix zugrunde liegt. Durch diese Vorgehensweise ergeben sich Variationen auf inhaltlich-dramaturgischer, musikalischer, und klanglicher Ebene. Zus\u00e4tzlich sind Unterschiede in den zeitlichen Strukturen feststellbar. Abweichungen in Form von Text, Melodie,Weiterlesen","og_url":"https:\/\/daniel-reisinger.at\/index.php\/beatles-in-mono\/","og_site_name":"Daniel Reisinger","article_modified_time":"2019-10-18T16:27:36+00:00","twitter_card":"summary_large_image","twitter_misc":{"Gesch\u00e4tzte Lesezeit":"1\u00a0Minute"},"schema":{"@context":"https:\/\/schema.org","@graph":[{"@type":"WebPage","@id":"https:\/\/daniel-reisinger.at\/index.php\/beatles-in-mono\/","url":"https:\/\/daniel-reisinger.at\/index.php\/beatles-in-mono\/","name":"Beatles in Mono - Daniel Reisinger","isPartOf":{"@id":"https:\/\/daniel-reisinger.at\/#website"},"datePublished":"2019-10-17T17:20:25+00:00","dateModified":"2019-10-18T16:27:36+00:00","breadcrumb":{"@id":"https:\/\/daniel-reisinger.at\/index.php\/beatles-in-mono\/#breadcrumb"},"inLanguage":"de","potentialAction":[{"@type":"ReadAction","target":["https:\/\/daniel-reisinger.at\/index.php\/beatles-in-mono\/"]}]},{"@type":"BreadcrumbList","@id":"https:\/\/daniel-reisinger.at\/index.php\/beatles-in-mono\/#breadcrumb","itemListElement":[{"@type":"ListItem","position":1,"name":"Home","item":"https:\/\/daniel-reisinger.at\/"},{"@type":"ListItem","position":2,"name":"Beatles in Mono"}]},{"@type":"WebSite","@id":"https:\/\/daniel-reisinger.at\/#website","url":"https:\/\/daniel-reisinger.at\/","name":"Daniel Reisinger","description":"","potentialAction":[{"@type":"SearchAction","target":{"@type":"EntryPoint","urlTemplate":"https:\/\/daniel-reisinger.at\/?s={search_term_string}"},"query-input":{"@type":"PropertyValueSpecification","valueRequired":true,"valueName":"search_term_string"}}],"inLanguage":"de"}]}},"_links":{"self":[{"href":"https:\/\/daniel-reisinger.at\/index.php\/wp-json\/wp\/v2\/pages\/22"}],"collection":[{"href":"https:\/\/daniel-reisinger.at\/index.php\/wp-json\/wp\/v2\/pages"}],"about":[{"href":"https:\/\/daniel-reisinger.at\/index.php\/wp-json\/wp\/v2\/types\/page"}],"author":[{"embeddable":true,"href":"https:\/\/daniel-reisinger.at\/index.php\/wp-json\/wp\/v2\/users\/1"}],"replies":[{"embeddable":true,"href":"https:\/\/daniel-reisinger.at\/index.php\/wp-json\/wp\/v2\/comments?post=22"}],"version-history":[{"count":7,"href":"https:\/\/daniel-reisinger.at\/index.php\/wp-json\/wp\/v2\/pages\/22\/revisions"}],"predecessor-version":[{"id":171,"href":"https:\/\/daniel-reisinger.at\/index.php\/wp-json\/wp\/v2\/pages\/22\/revisions\/171"}],"wp:attachment":[{"href":"https:\/\/daniel-reisinger.at\/index.php\/wp-json\/wp\/v2\/media?parent=22"}],"curies":[{"name":"wp","href":"https:\/\/api.w.org\/{rel}","templated":true}]}}